{"id":81,"date":"2023-08-01T09:14:29","date_gmt":"2023-08-01T09:14:29","guid":{"rendered":"https:\/\/themedox.com\/gerow\/?page_id=81"},"modified":"2026-04-13T19:33:47","modified_gmt":"2026-04-13T17:33:47","slug":"about-us","status":"publish","type":"page","link":"https:\/\/edelwertgruppe.com\/it\/about-us\/","title":{"rendered":"Di"},"content":{"rendered":"\t\t<div data-elementor-type=\"wp-page\" data-elementor-id=\"81\" class=\"elementor elementor-81\">\n\t\t\t\t\t\t<section class=\"elementor-section elementor-top-section elementor-element elementor-element-a82f8ec elementor-section-content-middle elementor-section-boxed elementor-section-height-default elementor-section-height-default\" data-id=\"a82f8ec\" data-element_type=\"section\" data-e-type=\"section\">\n\t\t\t\t\t\t<div class=\"elementor-container elementor-column-gap-no\">\n\t\t\t\t\t<div class=\"elementor-column elementor-col-50 elementor-top-column elementor-element elementor-element-1510503\" data-id=\"1510503\" data-element_type=\"column\" data-e-type=\"column\">\n\t\t\t<div class=\"elementor-widget-wrap elementor-element-populated\">\n\t\t\t\t\t\t<div class=\"elementor-element elementor-element-4d4ae22 elementor-widget elementor-widget-image\" data-id=\"4d4ae22\" data-element_type=\"widget\" data-e-type=\"widget\" data-widget_type=\"image.default\">\n\t\t\t\t<div class=\"elementor-widget-container\">\n\t\t\t\t\t\t\t\t\t\t\t\t\t\t\t<img fetchpriority=\"high\" decoding=\"async\" width=\"554\" height=\"669\" src=\"https:\/\/edelwertgruppe.com\/wp-content\/uploads\/2023\/08\/inner_about_img03.jpg\" class=\"attachment-full size-full wp-image-1069\" alt=\"\" srcset=\"https:\/\/edelwertgruppe.com\/wp-content\/uploads\/2023\/08\/inner_about_img03.jpg 554w, https:\/\/edelwertgruppe.com\/wp-content\/uploads\/2023\/08\/inner_about_img03-248x300.jpg 248w\" sizes=\"(max-width: 554px) 100vw, 554px\" \/>\t\t\t\t\t\t\t\t\t\t\t\t\t\t\t<\/div>\n\t\t\t\t<\/div>\n\t\t\t\t\t<\/div>\n\t\t<\/div>\n\t\t\t\t<div class=\"elementor-column elementor-col-50 elementor-top-column elementor-element elementor-element-c847fd6\" data-id=\"c847fd6\" data-element_type=\"column\" data-e-type=\"column\">\n\t\t\t<div class=\"elementor-widget-wrap elementor-element-populated\">\n\t\t\t\t\t\t<div class=\"elementor-element elementor-element-4931230 elementor-widget__width-auto elementor-widget elementor-widget-heading\" data-id=\"4931230\" data-element_type=\"widget\" data-e-type=\"widget\" data-widget_type=\"heading.default\">\n\t\t\t\t<div class=\"elementor-widget-container\">\n\t\t\t\t\t<span class=\"elementor-heading-title elementor-size-default\">Wer wir sind<\/span>\t\t\t\t<\/div>\n\t\t\t\t<\/div>\n\t\t\t\t<div class=\"elementor-element elementor-element-9367363 elementor-widget elementor-widget-heading\" data-id=\"9367363\" data-element_type=\"widget\" data-e-type=\"widget\" data-widget_type=\"heading.default\">\n\t\t\t\t<div class=\"elementor-widget-container\">\n\t\t\t\t\t<h2 class=\"elementor-heading-title elementor-size-default\">Willkommen auf unserer Website! <\/h2>\t\t\t\t<\/div>\n\t\t\t\t<\/div>\n\t\t\t\t<div class=\"elementor-element elementor-element-b9a888f elementor-widget elementor-widget-heading\" data-id=\"b9a888f\" data-element_type=\"widget\" data-e-type=\"widget\" data-widget_type=\"heading.default\">\n\t\t\t\t<div class=\"elementor-widget-container\">\n\t\t\t\t\t<p class=\"elementor-heading-title elementor-size-default\">Wir sind eine Online-Kreditplattform, die sich auf schnelle und flexible Finanzl\u00f6sungen spezialisiert hat. Unser Ziel ist es, Kredite f\u00fcr alle zug\u00e4nglich zu machen \u2013 durch eine einfache und benutzerfreundliche Plattform. Wir bieten Privatkredite zu wettbewerbsf\u00e4higen Zinss\u00e4tzen an, die individuell auf die Bed\u00fcrfnisse jedes Kreditnehmers zugeschnitten sind.<\/p>\t\t\t\t<\/div>\n\t\t\t\t<\/div>\n\t\t\t\t<div class=\"elementor-element elementor-element-13a4f23 elementor-widget elementor-widget-heading\" data-id=\"13a4f23\" data-element_type=\"widget\" data-e-type=\"widget\" data-widget_type=\"heading.default\">\n\t\t\t\t<div class=\"elementor-widget-container\">\n\t\t\t\t\t<p class=\"elementor-heading-title elementor-size-default\">Unser erfahrenes Team beantwortet gerne alle Ihre Fragen und begleitet Sie durch den gesamten Online-Kreditantragsprozess. Wir bieten unseren Kunden erstklassigen Service sowie schnelle, transparente und zuverl\u00e4ssige Kreditl\u00f6sungen. Kontaktieren Sie uns jetzt, um mehr \u00fcber unsere Online-Kreditplattform zu erfahren.<\/p>\t\t\t\t<\/div>\n\t\t\t\t<\/div>\n\t\t\t\t<section class=\"elementor-section elementor-inner-section elementor-element elementor-element-1e09a6a elementor-section-full_width elementor-section-content-middle elementor-section-height-default elementor-section-height-default\" data-id=\"1e09a6a\" data-element_type=\"section\" data-e-type=\"section\">\n\t\t\t\t\t\t<div class=\"elementor-container elementor-column-gap-no\">\n\t\t\t\t\t<div class=\"elementor-column elementor-col-50 elementor-inner-column elementor-element elementor-element-d069178\" data-id=\"d069178\" data-element_type=\"column\" data-e-type=\"column\">\n\t\t\t<div class=\"elementor-widget-wrap elementor-element-populated\">\n\t\t\t\t\t\t<div class=\"elementor-element elementor-element-9ead307 elementor-widget elementor-widget-tg-btn\" data-id=\"9ead307\" data-element_type=\"widget\" data-e-type=\"widget\" data-widget_type=\"tg-btn.default\">\n\t\t\t\t<div class=\"elementor-widget-container\">\n\t\t\t\t\t\r\n        \r\n                            <a href=\"https:\/\/edelwertgruppe.com\/it\/our-services\/\" target=\"_self\" rel=\"nofollow\" class=\"btn\">\r\n                    Unsere Dienstleistungen                <\/a>\r\n            \r\n        \r\n\t\t\t\t<\/div>\n\t\t\t\t<\/div>\n\t\t\t\t\t<\/div>\n\t\t<\/div>\n\t\t\t\t<div class=\"elementor-column elementor-col-50 elementor-inner-column elementor-element elementor-element-8ba47a9\" data-id=\"8ba47a9\" data-element_type=\"column\" data-e-type=\"column\">\n\t\t\t<div class=\"elementor-widget-wrap\">\n\t\t\t\t\t\t\t<\/div>\n\t\t<\/div>\n\t\t\t\t\t<\/div>\n\t\t<\/section>\n\t\t\t\t\t<\/div>\n\t\t<\/div>\n\t\t\t\t\t<\/div>\n\t\t<\/section>\n\t\t\t\t<section class=\"elementor-section elementor-top-section elementor-element elementor-element-b070c8b elementor-section-full_width elementor-section-height-default elementor-section-height-default\" data-id=\"b070c8b\" data-element_type=\"section\" data-e-type=\"section\" data-settings=\"{&quot;background_background&quot;:&quot;classic&quot;}\">\n\t\t\t\t\t\t\t<div class=\"elementor-background-overlay\"><\/div>\n\t\t\t\t\t\t\t<div class=\"elementor-container elementor-column-gap-no\">\n\t\t\t\t\t<div class=\"elementor-column elementor-col-100 elementor-top-column elementor-element elementor-element-535c909\" data-id=\"535c909\" data-element_type=\"column\" data-e-type=\"column\">\n\t\t\t<div class=\"elementor-widget-wrap elementor-element-populated\">\n\t\t\t\t\t\t<section class=\"elementor-section elementor-inner-section elementor-element elementor-element-b50cde5 elementor-section-boxed elementor-section-height-default elementor-section-height-default\" data-id=\"b50cde5\" data-element_type=\"section\" data-e-type=\"section\">\n\t\t\t\t\t\t<div class=\"elementor-container elementor-column-gap-no\">\n\t\t\t\t\t<div class=\"elementor-column elementor-col-50 elementor-inner-column elementor-element elementor-element-ffb1fb9\" data-id=\"ffb1fb9\" data-element_type=\"column\" data-e-type=\"column\">\n\t\t\t<div class=\"elementor-widget-wrap elementor-element-populated\">\n\t\t\t\t\t\t<div class=\"elementor-element elementor-element-fe7d103 elementor-widget__width-auto elementor-widget elementor-widget-heading\" data-id=\"fe7d103\" data-element_type=\"widget\" data-e-type=\"widget\" data-widget_type=\"heading.default\">\n\t\t\t\t<div class=\"elementor-widget-container\">\n\t\t\t\t\t<span class=\"elementor-heading-title elementor-size-default\">Warum sollten Sie sich f\u00fcr uns entscheiden?<\/span>\t\t\t\t<\/div>\n\t\t\t\t<\/div>\n\t\t\t\t<div class=\"elementor-element elementor-element-a53af68 elementor-widget elementor-widget-heading\" data-id=\"a53af68\" data-element_type=\"widget\" data-e-type=\"widget\" data-widget_type=\"heading.default\">\n\t\t\t\t<div class=\"elementor-widget-container\">\n\t\t\t\t\t<h2 class=\"elementor-heading-title elementor-size-default\">Unsere Technologie im Dienste schneller Kredite.<\/h2>\t\t\t\t<\/div>\n\t\t\t\t<\/div>\n\t\t\t\t<div class=\"elementor-element elementor-element-0ffd30a elementor-widget elementor-widget-heading\" data-id=\"0ffd30a\" data-element_type=\"widget\" data-e-type=\"widget\" data-widget_type=\"heading.default\">\n\t\t\t\t<div class=\"elementor-widget-container\">\n\t\t\t\t\t<p class=\"elementor-heading-title elementor-size-default\">Sofortige und endg\u00fcltige Antwort und umgehende Freigabe der Gelder\u2026 <\/p>\t\t\t\t<\/div>\n\t\t\t\t<\/div>\n\t\t\t\t<div class=\"elementor-element elementor-element-45fde30 elementor-widget elementor-widget-genix-faq\" data-id=\"45fde30\" data-element_type=\"widget\" data-e-type=\"widget\" data-widget_type=\"genix-faq.default\">\n\t\t\t\t<div class=\"elementor-widget-container\">\n\t\t\t\t\t\r\n        \r\n            <div class=\"accordion-wrap-two\">\r\n                <div class=\"accordion\" id=\"accordionExample\">\r\n\r\n                                            <div class=\"accordion-item\">\r\n                            <h2 class=\"accordion-header\" id=\"headingOne-0\">\r\n                                <button class=\"accordion-button \" type=\"button\" data-bs-toggle=\"collapse\" data-bs-target=\"#collapseOne-0\" aria-expanded=\"true\" aria-controls=\"collapseOne-0\">\r\n                                    Geschwindigkeit                                <\/button>\r\n                            <\/h2>\r\n                            <div id=\"collapseOne-0\" class=\"accordion-collapse collapse show\" aria-labelledby=\"headingOne-0\" data-bs-parent=\"#accordionExample\">\r\n                                <div class=\"accordion-body\">\r\n                                    <p>Wir bearbeiten Ihren Online-Kreditantrag schnell und erm\u00f6glichen Ihnen so, innerhalb k\u00fcrzester Zeit an die ben\u00f6tigten Mittel zu gelangen. Unser Antragsverfahren ist einfach und unkompliziert: Sie k\u00f6nnen Ihren Antrag in wenigen Minuten stellen und erhalten umgehend eine R\u00fcckmeldung.<\/p>\r\n                                <\/div>\r\n                            <\/div>\r\n                        <\/div>\r\n                                            <div class=\"accordion-item\">\r\n                            <h2 class=\"accordion-header\" id=\"headingOne-1\">\r\n                                <button class=\"accordion-button collapsed\" type=\"button\" data-bs-toggle=\"collapse\" data-bs-target=\"#collapseOne-1\" aria-expanded=\"true\" aria-controls=\"collapseOne-1\">\r\n                                    Flexibilit\u00e4t                                <\/button>\r\n                            <\/h2>\r\n                            <div id=\"collapseOne-1\" class=\"accordion-collapse collapse \" aria-labelledby=\"headingOne-1\" data-bs-parent=\"#accordionExample\">\r\n                                <div class=\"accordion-body\">\r\n                                    <p>Wir verstehen, dass jeder Kreditnehmer unterschiedliche Bed\u00fcrfnisse hat. Deshalb bieten wir eine Reihe von Privatkrediten an, die auf individuelle Anforderungen zugeschnitten sind. Unsere Zinss\u00e4tze sind wettbewerbsf\u00e4hig, und dank unseres pers\u00f6nlichen Ansatzes k\u00f6nnen Sie Kredith\u00f6he, Laufzeit und Konditionen w\u00e4hlen, die am besten zu Ihrer finanziellen Situation passen.<\/p>\r\n                                <\/div>\r\n                            <\/div>\r\n                        <\/div>\r\n                                            <div class=\"accordion-item\">\r\n                            <h2 class=\"accordion-header\" id=\"headingOne-2\">\r\n                                <button class=\"accordion-button collapsed\" type=\"button\" data-bs-toggle=\"collapse\" data-bs-target=\"#collapseOne-2\" aria-expanded=\"true\" aria-controls=\"collapseOne-2\">\r\n                                    Vertraulichkeit                                <\/button>\r\n                            <\/h2>\r\n                            <div id=\"collapseOne-2\" class=\"accordion-collapse collapse \" aria-labelledby=\"headingOne-2\" data-bs-parent=\"#accordionExample\">\r\n                                <div class=\"accordion-body\">\r\n                                    <p>Wir wissen, wie wichtig die Vertraulichkeit Ihrer pers\u00f6nlichen und finanziellen Daten ist. Deshalb setzen wir modernste Technologien ein, um die Sicherheit Ihrer Daten zu gew\u00e4hrleisten, und geben Ihre Daten niemals ohne Ihre Zustimmung an Dritte weiter.<\/p>\r\n                                <\/div>\r\n                            <\/div>\r\n                        <\/div>\r\n                                    <\/div>\r\n            <\/div>\r\n\r\n        \t\t\t\t<\/div>\n\t\t\t\t<\/div>\n\t\t\t\t\t<\/div>\n\t\t<\/div>\n\t\t\t\t<div class=\"elementor-column elementor-col-50 elementor-inner-column elementor-element elementor-element-4fb7eab\" data-id=\"4fb7eab\" data-element_type=\"column\" data-e-type=\"column\">\n\t\t\t<div class=\"elementor-widget-wrap\">\n\t\t\t\t\t\t\t<\/div>\n\t\t<\/div>\n\t\t\t\t\t<\/div>\n\t\t<\/section>\n\t\t\t\t\t<\/div>\n\t\t<\/div>\n\t\t\t\t\t<\/div>\n\t\t<\/section>\n\t\t\t\t<section class=\"elementor-section elementor-top-section elementor-element elementor-element-c2f84db elementor-section-boxed elementor-section-height-default elementor-section-height-default\" data-id=\"c2f84db\" data-element_type=\"section\" data-e-type=\"section\">\n\t\t\t\t\t\t<div class=\"elementor-container elementor-column-gap-no\">\n\t\t\t\t\t<div class=\"elementor-column elementor-col-100 elementor-top-column elementor-element elementor-element-0c5e3bf\" data-id=\"0c5e3bf\" data-element_type=\"column\" data-e-type=\"column\">\n\t\t\t<div class=\"elementor-widget-wrap elementor-element-populated\">\n\t\t\t\t\t\t<div class=\"elementor-element elementor-element-b3fffa4 elementor-widget elementor-widget-testimonial\" data-id=\"b3fffa4\" data-element_type=\"widget\" data-e-type=\"widget\" data-widget_type=\"testimonial.default\">\n\t\t\t\t<div class=\"elementor-widget-container\">\n\t\t\t\t\t\r\n        \r\n            <script>\r\n                jQuery(document).ready(function($) {\r\n\r\n                    \/*=============================================\r\n                        =          Data Background               =\r\n                    =============================================*\/\r\n                    $(\"[data-background]\").each(function() {\r\n                        $(this).css(\"background-image\", \"url(\" + $(this).attr(\"data-background\") + \")\")\r\n                    });\r\n\r\n                    \/*=============================================\r\n                        =    \t\ttestimonial Active\t\t      =\r\n                    =============================================*\/\r\n                    $('.testimonial-active-three').slick({\r\n                        dots: false,\r\n                        infinite: true,\r\n                        speed: 1000,\r\n                        autoplay: true,\r\n                        fade: true,\r\n                        arrows: true,\r\n                        prevArrow: '<button type=\"button\" class=\"slick-prev\"><i class=\"flaticon-right-arrow\"><\/i><\/button>',\r\n                        nextArrow: '<button type=\"button\" class=\"slick-next\"><i class=\"flaticon-right-arrow\"><\/i><\/button>',\r\n                        appendArrows: \".testimonial-nav-three\",\r\n                        slidesToShow: 1,\r\n                        slidesToScroll: 1,\r\n                        responsive: [{\r\n                                breakpoint: 1200,\r\n                                settings: {\r\n                                    slidesToShow: 1,\r\n                                    slidesToScroll: 1,\r\n                                    infinite: true,\r\n                                }\r\n                            },\r\n                            {\r\n                                breakpoint: 992,\r\n                                settings: {\r\n                                    slidesToShow: 1,\r\n                                    slidesToScroll: 1\r\n                                }\r\n                            },\r\n                            {\r\n                                breakpoint: 767,\r\n                                settings: {\r\n                                    slidesToShow: 1,\r\n                                    slidesToScroll: 1,\r\n                                }\r\n                            },\r\n                            {\r\n                                breakpoint: 575,\r\n                                settings: {\r\n                                    slidesToShow: 1,\r\n                                    slidesToScroll: 1,\r\n                                }\r\n                            },\r\n                        ]\r\n                    });\r\n\r\n                });\r\n            <\/script>\r\n            <section class=\"testimonial-area-three\">\r\n                <div class=\"row g-0 align-items-end\">\r\n                                            <div class=\"col-37\">\r\n                            <div class=\"testimonial-img-three\">\r\n                                <img decoding=\"async\" src=\"https:\/\/edelwertgruppe.com\/wp-content\/uploads\/2023\/08\/h3_testimonial_img.jpg\" alt=\"img\">\r\n                            <\/div>\r\n                        <\/div>\r\n                                        <div class=\"col-63\">\r\n                        <div class=\"testimonial-item-wrap-three\" data-background=\"https:\/\/edelwertgruppe.com\/wp-content\/uploads\/2023\/08\/h3_testimonial_bg.png\">\r\n                            <div class=\"testimonial-active-three\">\r\n                                                                    <div class=\"testimonial-item-three\">\r\n                                        <div class=\"testimonial-content-three\">\r\n                                            <div class=\"rating\">\r\n                                                <i class=\"fas fa-star\"><\/i>\r\n                                                <i class=\"fas fa-star\"><\/i>\r\n                                                <i class=\"fas fa-star\"><\/i>\r\n                                                <i class=\"fas fa-star\"><\/i>\r\n                                                <i class=\"fas fa-star\"><\/i>\r\n                                            <\/div>\r\n                                                                                            <p>\u00abIch bin sehr zufrieden mit meiner Erfahrung mit Edelwert Gruppe. Die Antwort erfolgte nahezu umgehend und das Geld wurde mir schnell \u00fcberwiesen. Ich kann sie w\u00e4rmstens empfehlen.\u00bb<\/p>\r\n                                                                                        <div class=\"testimonial-info\">\r\n                                                                                                    <h2 class=\"title\">Robert<\/h2>\r\n                                                                                                                                            <\/div>\r\n                                        <\/div>\r\n                                    <\/div>\r\n                                                                    <div class=\"testimonial-item-three\">\r\n                                        <div class=\"testimonial-content-three\">\r\n                                            <div class=\"rating\">\r\n                                                <i class=\"fas fa-star\"><\/i>\r\n                                                <i class=\"fas fa-star\"><\/i>\r\n                                                <i class=\"fas fa-star\"><\/i>\r\n                                                <i class=\"fas fa-star\"><\/i>\r\n                                                <i class=\"fas fa-star\"><\/i>\r\n                                            <\/div>\r\n                                                                                            <p>\u00abExzellenter Service: Alles ist perfekt, einfach und effizient. Webseite und Online-System sind sehr empfehlenswert.\u00bb<\/p>\r\n                                                                                        <div class=\"testimonial-info\">\r\n                                                                                                    <h2 class=\"title\">Samuel <\/h2>\r\n                                                                                                                                            <\/div>\r\n                                        <\/div>\r\n                                    <\/div>\r\n                                                                    <div class=\"testimonial-item-three\">\r\n                                        <div class=\"testimonial-content-three\">\r\n                                            <div class=\"rating\">\r\n                                                <i class=\"fas fa-star\"><\/i>\r\n                                                <i class=\"fas fa-star\"><\/i>\r\n                                                <i class=\"fas fa-star\"><\/i>\r\n                                                <i class=\"fas fa-star\"><\/i>\r\n                                                <i class=\"fas fa-star\"><\/i>\r\n                                            <\/div>\r\n                                                                                            <p>Sehr gut: Ausgezeichneter Service, schnelle Reaktion und umgehende Freigabe der Gelder.\u00bb<\/p>\r\n                                                                                        <div class=\"testimonial-info\">\r\n                                                                                                    <h2 class=\"title\">Steeve<\/h2>\r\n                                                                                                                                            <\/div>\r\n                                        <\/div>\r\n                                    <\/div>\r\n                                                            <\/div>\r\n                            <div class=\"testimonial-nav-three\"><\/div>\r\n                        <\/div>\r\n                    <\/div>\r\n                <\/div>\r\n            <\/section>\r\n\r\n        \r\n\t\t\t\t<\/div>\n\t\t\t\t<\/div>\n\t\t\t\t\t<\/div>\n\t\t<\/div>\n\t\t\t\t\t<\/div>\n\t\t<\/section>\n\t\t\t\t<\/div>\n\t\t","protected":false},"excerpt":{"rendered":"<p>Wer wir sind Willkommen auf unserer Website! Wir sind eine Online-Kreditplattform, die sich auf schnelle und flexible Finanzl\u00f6sungen spezialisiert hat. Unser Ziel ist es, Kredite f\u00fcr alle zug\u00e4nglich zu machen \u2013 durch eine einfache und benutzerfreundliche Plattform. Wir bieten Privatkredite zu wettbewerbsf\u00e4higen Zinss\u00e4tzen an, die individuell auf die Bed\u00fcrfnisse jedes Kreditnehmers zugeschnitten sind. Unser erfahrenes [&hellip;]<\/p>\n","protected":false},"author":1,"featured_media":0,"parent":0,"menu_order":0,"comment_status":"closed","ping_status":"closed","template":"elementor_header_footer","meta":{"_acf_changed":false,"footnotes":""},"class_list":["post-81","page","type-page","status-publish","hentry"],"acf":[],"_hostinger_reach_plugin_has_subscription_block":false,"_hostinger_reach_plugin_is_elementor":false,"_links":{"self":[{"href":"https:\/\/edelwertgruppe.com\/it\/wp-json\/wp\/v2\/pages\/81","targetHints":{"allow":["GET"]}}],"collection":[{"href":"https:\/\/edelwertgruppe.com\/it\/wp-json\/wp\/v2\/pages"}],"about":[{"href":"https:\/\/edelwertgruppe.com\/it\/wp-json\/wp\/v2\/types\/page"}],"author":[{"embeddable":true,"href":"https:\/\/edelwertgruppe.com\/it\/wp-json\/wp\/v2\/users\/1"}],"replies":[{"embeddable":true,"href":"https:\/\/edelwertgruppe.com\/it\/wp-json\/wp\/v2\/comments?post=81"}],"version-history":[{"count":20,"href":"https:\/\/edelwertgruppe.com\/it\/wp-json\/wp\/v2\/pages\/81\/revisions"}],"predecessor-version":[{"id":1546,"href":"https:\/\/edelwertgruppe.com\/it\/wp-json\/wp\/v2\/pages\/81\/revisions\/1546"}],"wp:attachment":[{"href":"https:\/\/edelwertgruppe.com\/it\/wp-json\/wp\/v2\/media?parent=81"}],"curies":[{"name":"wp","href":"https:\/\/api.w.org\/{rel}","templated":true}]}}