{"id":83,"date":"2023-08-01T09:14:50","date_gmt":"2023-08-01T09:14:50","guid":{"rendered":"https:\/\/themedox.com\/gerow\/?page_id=83"},"modified":"2026-04-13T19:36:55","modified_gmt":"2026-04-13T17:36:55","slug":"our-services","status":"publish","type":"page","link":"https:\/\/edelwertgruppe.com\/sl\/our-services\/","title":{"rendered":"Nos Services"},"content":{"rendered":"<div data-elementor-type=\"wp-page\" data-elementor-id=\"83\" class=\"elementor elementor-83\">\n\t\t\t\t\t\t<section class=\"elementor-section elementor-top-section elementor-element elementor-element-f1eb5ad elementor-section-boxed elementor-section-height-default elementor-section-height-default\" data-id=\"f1eb5ad\" data-element_type=\"section\" data-e-type=\"section\" data-settings=\"{&quot;background_background&quot;:&quot;classic&quot;}\">\n\t\t\t\t\t\t<div class=\"elementor-container elementor-column-gap-no\">\n\t\t\t\t\t<div class=\"elementor-column elementor-col-100 elementor-top-column elementor-element elementor-element-cc7ae77\" data-id=\"cc7ae77\" data-element_type=\"column\" data-e-type=\"column\">\n\t\t\t<div class=\"elementor-widget-wrap elementor-element-populated\">\n\t\t\t\t\t\t<section class=\"elementor-section elementor-inner-section elementor-element elementor-element-2c4d885 elementor-section-full_width elementor-section-content-middle elementor-section-height-default elementor-section-height-default\" data-id=\"2c4d885\" data-element_type=\"section\" data-e-type=\"section\">\n\t\t\t\t\t\t<div class=\"elementor-container elementor-column-gap-no\">\n\t\t\t\t\t<div class=\"elementor-column elementor-col-50 elementor-inner-column elementor-element elementor-element-5f1b90a\" data-id=\"5f1b90a\" data-element_type=\"column\" data-e-type=\"column\">\n\t\t\t<div class=\"elementor-widget-wrap elementor-element-populated\">\n\t\t\t\t\t\t<div class=\"elementor-element elementor-element-d7273d4 elementor-widget elementor-widget-tg-heading\" data-id=\"d7273d4\" data-element_type=\"widget\" data-e-type=\"widget\" data-widget_type=\"tg-heading.default\">\n\t\t\t\t<div class=\"elementor-widget-container\">\n\t\t\t\t\t\r\n        \r\n            <div class=\"section-title-two tg-heading-subheading animation-style3\">\r\n                                    <span class=\"sub-title\">Unsere Dienstleistungen<\/span>\r\n                                <h2 class=\"title tg-element-title\">Anerkennung f\u00fcr alle Momente deines Lebens<\/h2>            <\/div>\r\n\r\n        \r\n\t\t\t\t<\/div>\n\t\t\t\t<\/div>\n\t\t\t\t\t<\/div>\n\t\t<\/div>\n\t\t\t\t<div class=\"elementor-column elementor-col-50 elementor-inner-column elementor-element elementor-element-23a3a95\" data-id=\"23a3a95\" data-element_type=\"column\" data-e-type=\"column\">\n\t\t\t<div class=\"elementor-widget-wrap elementor-element-populated\">\n\t\t\t\t\t\t<div class=\"elementor-element elementor-element-af9592b elementor-widget__width-initial mx-auto me-lg-0 ms-lg-auto elementor-widget elementor-widget-heading\" data-id=\"af9592b\" data-element_type=\"widget\" data-e-type=\"widget\" data-widget_type=\"heading.default\">\n\t\t\t\t<div class=\"elementor-widget-container\">\n\t\t\t\t\t<p class=\"elementor-heading-title elementor-size-default\">Die Edelwert Gruppe hat weltweit mehr als 350.000 Projekte finanziert\u2026 Was w\u00e4re, wenn Ihres das n\u00e4chste w\u00e4re?<\/p>\t\t\t\t<\/div>\n\t\t\t\t<\/div>\n\t\t\t\t\t<\/div>\n\t\t<\/div>\n\t\t\t\t\t<\/div>\n\t\t<\/section>\n\t\t\t\t<section class=\"elementor-section elementor-inner-section elementor-element elementor-element-a14e6f4 elementor-section-full_width elementor-section-height-default elementor-section-height-default\" data-id=\"a14e6f4\" data-element_type=\"section\" data-e-type=\"section\">\n\t\t\t\t\t\t<div class=\"elementor-container elementor-column-gap-no\">\n\t\t\t\t\t<div class=\"elementor-column elementor-col-100 elementor-inner-column elementor-element elementor-element-b64c54b\" data-id=\"b64c54b\" data-element_type=\"column\" data-e-type=\"column\">\n\t\t\t<div class=\"elementor-widget-wrap elementor-element-populated\">\n\t\t\t\t\t\t<div class=\"elementor-element elementor-element-a545096 elementor-widget elementor-widget-tg-servicesBox\" data-id=\"a545096\" data-element_type=\"widget\" data-e-type=\"widget\" data-widget_type=\"tg-servicesBox.default\">\n\t\t\t\t<div class=\"elementor-widget-container\">\n\t\t\t\t\t\r\n        \r\n            <div class=\"row justify-content-center\">\r\n                \r\n                                            <div class=\"col-xl-3 col-lg-4 col-md-6 col-sm-8\">\r\n                            <div class=\"services-item-two\">\r\n                                <div class=\"services-thumb-two\">\r\n                                    <img decoding=\"async\" src=\"https:\/\/edelwertgruppe.com\/wp-content\/uploads\/2023\/08\/services01.jpg\" alt=\"Image\">\r\n\r\n                                                                            <div class=\"item-shape\">\r\n                                            <img decoding=\"async\" src=\"https:\/\/themedox.com\/gerow\/wp-content\/uploads\/2023\/08\/services_item_shape.png\" alt=\"Shape\">\r\n                                        <\/div>\r\n                                                                    <\/div>\r\n                                <div class=\"services-content-two\">\r\n                                                                            <div class=\"icon\">\r\n                                            <i aria-hidden=\"true\" class=\"genix flaticon-piggy-bank\"><\/i>                                        <\/div>\r\n                                                                        <h2 class=\"title\"><a href=\"https:\/\/edelwertgruppe.com\/sl\/services\/credit-personnel\/\">Osebno posojilo<\/a><\/h2>\r\n                                                                            <p>Morem ipsum dolor ametey consectre adipiscing.<\/p>\r\n                                                                    <\/div>\r\n                            <\/div>\r\n                        <\/div>\r\n                    \r\n                \r\n                                            <div class=\"col-xl-3 col-lg-4 col-md-6 col-sm-8\">\r\n                            <div class=\"services-item-two\">\r\n                                <div class=\"services-thumb-two\">\r\n                                    <img decoding=\"async\" src=\"https:\/\/edelwertgruppe.com\/wp-content\/uploads\/2023\/08\/services02.jpg\" alt=\"Image\">\r\n\r\n                                                                            <div class=\"item-shape\">\r\n                                            <img decoding=\"async\" src=\"https:\/\/themedox.com\/gerow\/wp-content\/uploads\/2023\/08\/services_item_shape.png\" alt=\"Shape\">\r\n                                        <\/div>\r\n                                                                    <\/div>\r\n                                <div class=\"services-content-two\">\r\n                                                                            <div class=\"icon\">\r\n                                            <i aria-hidden=\"true\" class=\"genix flaticon-calculator\"><\/i>                                        <\/div>\r\n                                                                        <h2 class=\"title\"><a href=\"https:\/\/edelwertgruppe.com\/sl\/services\/credit-consommation\/\">Potro\u0161ni\u0161ki kredit<\/a><\/h2>\r\n                                                                            <p>Morem ipsum dolor ametey consectre adipiscing.<\/p>\r\n                                                                    <\/div>\r\n                            <\/div>\r\n                        <\/div>\r\n                    \r\n                \r\n                                            <div class=\"col-xl-3 col-lg-4 col-md-6 col-sm-8\">\r\n                            <div class=\"services-item-two\">\r\n                                <div class=\"services-thumb-two\">\r\n                                    <img decoding=\"async\" src=\"https:\/\/edelwertgruppe.com\/wp-content\/uploads\/2023\/08\/services03.jpg\" alt=\"Image\">\r\n\r\n                                                                            <div class=\"item-shape\">\r\n                                            <img decoding=\"async\" src=\"https:\/\/themedox.com\/gerow\/wp-content\/uploads\/2023\/08\/services_item_shape.png\" alt=\"Shape\">\r\n                                        <\/div>\r\n                                                                    <\/div>\r\n                                <div class=\"services-content-two\">\r\n                                                                            <div class=\"icon\">\r\n                                            <i aria-hidden=\"true\" class=\"genix flaticon-money\"><\/i>                                        <\/div>\r\n                                                                        <h2 class=\"title\"><a href=\"https:\/\/edelwertgruppe.com\/sl\/services\/credit-auto\/\">Avtomobilsko posojilo<\/a><\/h2>\r\n                                                                            <p>Morem ipsum dolor ametey consectre adipiscing.<\/p>\r\n                                                                    <\/div>\r\n                            <\/div>\r\n                        <\/div>\r\n                    \r\n                \r\n                                            <div class=\"col-xl-3 col-lg-4 col-md-6 col-sm-8\">\r\n                            <div class=\"services-item-two\">\r\n                                <div class=\"services-thumb-two\">\r\n                                    <img decoding=\"async\" src=\"https:\/\/edelwertgruppe.com\/wp-content\/uploads\/2023\/08\/services04.jpg\" alt=\"Image\">\r\n\r\n                                                                            <div class=\"item-shape\">\r\n                                            <img decoding=\"async\" src=\"https:\/\/themedox.com\/gerow\/wp-content\/uploads\/2023\/08\/services_item_shape.png\" alt=\"Shape\">\r\n                                        <\/div>\r\n                                                                    <\/div>\r\n                                <div class=\"services-content-two\">\r\n                                                                            <div class=\"icon\">\r\n                                            <i aria-hidden=\"true\" class=\"genix flaticon-layers\"><\/i>                                        <\/div>\r\n                                                                        <h2 class=\"title\"><a href=\"https:\/\/edelwertgruppe.com\/sl\/services\/credit-travaux\/\">Cr\u00e9dit travaux<\/a><\/h2>\r\n                                                                            <p>Morem ipsum dolor ametey consectre adipiscing.<\/p>\r\n                                                                    <\/div>\r\n                            <\/div>\r\n                        <\/div>\r\n                    \r\n                \r\n                    \r\n                \r\n                    \r\n                \r\n                    \r\n                \r\n                    \r\n                            <\/div>\r\n\r\n        \r\n\t\t\t\t<\/div>\n\t\t\t\t<\/div>\n\t\t\t\t\t<\/div>\n\t\t<\/div>\n\t\t\t\t\t<\/div>\n\t\t<\/section>\n\t\t\t\t\t<\/div>\n\t\t<\/div>\n\t\t\t\t\t<\/div>\n\t\t<\/section>\n\t\t\t\t<\/div>","protected":false},"excerpt":{"rendered":"<p>Unsere Dienstleistungen Anerkennung f\u00fcr alle Momente deines Lebens Die Edelwert Gruppe hat weltweit mehr als 350.000 Projekte finanziert\u2026 Was w\u00e4re, wenn Ihres das n\u00e4chste w\u00e4re? Cr\u00e9dit personnel Morem ipsum dolor ametey consectre adipiscing. Cr\u00e9dit consommation Morem ipsum dolor ametey consectre adipiscing. Cr\u00e9dit auto Morem ipsum dolor ametey consectre adipiscing. Cr\u00e9dit travaux Morem ipsum dolor ametey [&hellip;]<\/p>\n","protected":false},"author":1,"featured_media":0,"parent":0,"menu_order":0,"comment_status":"closed","ping_status":"closed","template":"elementor_header_footer","meta":{"_acf_changed":false,"footnotes":""},"class_list":["post-83","page","type-page","status-publish","hentry"],"acf":[],"_hostinger_reach_plugin_has_subscription_block":false,"_hostinger_reach_plugin_is_elementor":false,"_links":{"self":[{"href":"https:\/\/edelwertgruppe.com\/sl\/wp-json\/wp\/v2\/pages\/83","targetHints":{"allow":["GET"]}}],"collection":[{"href":"https:\/\/edelwertgruppe.com\/sl\/wp-json\/wp\/v2\/pages"}],"about":[{"href":"https:\/\/edelwertgruppe.com\/sl\/wp-json\/wp\/v2\/types\/page"}],"author":[{"embeddable":true,"href":"https:\/\/edelwertgruppe.com\/sl\/wp-json\/wp\/v2\/users\/1"}],"replies":[{"embeddable":true,"href":"https:\/\/edelwertgruppe.com\/sl\/wp-json\/wp\/v2\/comments?post=83"}],"version-history":[{"count":20,"href":"https:\/\/edelwertgruppe.com\/sl\/wp-json\/wp\/v2\/pages\/83\/revisions"}],"predecessor-version":[{"id":1552,"href":"https:\/\/edelwertgruppe.com\/sl\/wp-json\/wp\/v2\/pages\/83\/revisions\/1552"}],"wp:attachment":[{"href":"https:\/\/edelwertgruppe.com\/sl\/wp-json\/wp\/v2\/media?parent=83"}],"curies":[{"name":"wp","href":"https:\/\/api.w.org\/{rel}","templated":true}]}}